{"id":2639,"date":"2015-09-18T16:50:31","date_gmt":"2015-09-18T16:50:31","guid":{"rendered":"https:\/\/www.hamakor.nl\/references\/"},"modified":"2015-09-18T16:50:31","modified_gmt":"2015-09-18T16:50:31","slug":"references","status":"publish","type":"page","link":"https:\/\/www.hamakor.nl\/en\/references\/","title":{"rendered":"References"},"content":{"rendered":"<p>Enneagram and\u00a0kabbalah, two spiritual paths:<\/p>\n<p>Nous vous exprimons\u00a0toute notre satisfaction d&#8217;avoir pu assister nous-m\u00eames\u00a0(\u00e9go\u00efstement !)\u00a0mais surtout d&#8217;avoir permis aux participants d&#8217;assister \u00e0 votre magistrale prestation.\u00a0Vous \u00eates captivante. Vous avez le don de rendre intelligents celles et ceux\u00a0qui vous \u00e9coutent m\u00eame si la barri\u00e8re de la langue ne permet pas de b\u00e9n\u00e9ficier,\u00a0en direct, de votre subtilit\u00e9 et de votre grade spiritualit\u00e9.\u00a0Nous vous remercions sinc\u00e8rement.<\/p>\n<p>Claire Kurtz (Tr\u00e9sori\u00e8re) et Jean-Ren\u00e9 Martel (Pr\u00e9sident)<\/p>\n<p>Le Cercle de l&#8217;Enn\u00e9agramme<\/p>\n<p>in short: magistral presentation, captivating, gift to \u00a0let everybody profit from your subtility and grade of spirituality,\u00a0despite the language barrier<\/p>\n<p><a href=\"https:\/\/www.hamakor.nl\/wp-content\/uploads\/2015\/06\/HaMakor_ster.png\"><img loading=\"lazy\" decoding=\"async\" class=\"  wp-image-354 aligncenter\" src=\"https:\/\/www.hamakor.nl\/wp-content\/uploads\/2015\/06\/HaMakor_ster.png\" alt=\"HaMakor_ster\" width=\"86\" height=\"101\" \/><\/a><\/p>\n","protected":false},"excerpt":{"rendered":"<p>Enneagram and\u00a0kabbalah, two spiritual paths: Nous vous exprimons\u00a0toute notre satisfaction d&#8217;avoir pu assister nous-m\u00eames\u00a0(\u00e9go\u00efstement !)\u00a0mais surtout d&#8217;avoir permis aux participants d&#8217;assister \u00e0 votre magistrale prestation.\u00a0Vous \u00eates captivante. Vous avez le don de rendre intelligents celles <a class=\"leesmeer\" href=\"https:\/\/www.hamakor.nl\/en\/references\/\">Lees meer<\/a><\/p>\n","protected":false},"author":3,"featured_media":0,"parent":0,"menu_order":0,"comment_status":"open","ping_status":"open","template":"","meta":{"footnotes":""},"class_list":["post-2639","page","type-page","status-publish","hentry"],"yoast_head":"<!-- This site is optimized with the Yoast SEO plugin v27.4 - https:\/\/yoast.com\/product\/yoast-seo-wordpress\/ -->\n<title>References - HaMaKor<\/title>\n<meta name=\"description\" content=\"Enneagram and\u00a0kabbalah, two spiritual paths: Nous vous exprimons\u00a0toute notre satisfaction d&#039;avoir pu assister nous-m\u00eames\u00a0(\u00e9go\u00efstement !)\u00a0mais surtout\" \/>\n<meta name=\"robots\" content=\"index, follow, max-snippet:-1, max-image-preview:large, max-video-preview:-1\" \/>\n<link rel=\"canonical\" href=\"https:\/\/www.hamakor.nl\/en\/references\/\" \/>\n<meta property=\"og:locale\" content=\"en_US\" \/>\n<meta property=\"og:type\" content=\"article\" \/>\n<meta property=\"og:title\" content=\"References - HaMaKor\" \/>\n<meta property=\"og:description\" content=\"Enneagram and\u00a0kabbalah, two spiritual paths: Nous vous exprimons\u00a0toute notre satisfaction d&#039;avoir pu assister nous-m\u00eames\u00a0(\u00e9go\u00efstement !)\u00a0mais surtout\" \/>\n<meta property=\"og:url\" content=\"https:\/\/www.hamakor.nl\/en\/references\/\" \/>\n<meta property=\"og:site_name\" content=\"HaMaKor\" \/>\n<meta property=\"og:image\" content=\"https:\/\/www.hamakor.nl\/wp-content\/uploads\/2015\/06\/HaMakor_ster.png\" \/>\n<meta name=\"twitter:card\" content=\"summary_large_image\" \/>\n<meta name=\"twitter:label1\" content=\"Est. reading time\" \/>\n\t<meta name=\"twitter:data1\" content=\"1 minute\" \/>\n<script type=\"application\/ld+json\" class=\"yoast-schema-graph\">{\"@context\":\"https:\\\/\\\/schema.org\",\"@graph\":[{\"@type\":\"WebPage\",\"@id\":\"https:\\\/\\\/www.hamakor.nl\\\/en\\\/references\\\/\",\"url\":\"https:\\\/\\\/www.hamakor.nl\\\/en\\\/references\\\/\",\"name\":\"References - HaMaKor\",\"isPartOf\":{\"@id\":\"https:\\\/\\\/www.hamakor.nl\\\/nl\\\/#website\"},\"primaryImageOfPage\":{\"@id\":\"https:\\\/\\\/www.hamakor.nl\\\/en\\\/references\\\/#primaryimage\"},\"image\":{\"@id\":\"https:\\\/\\\/www.hamakor.nl\\\/en\\\/references\\\/#primaryimage\"},\"thumbnailUrl\":\"https:\\\/\\\/www.hamakor.nl\\\/wp-content\\\/uploads\\\/2015\\\/06\\\/HaMakor_ster.png\",\"datePublished\":\"2015-09-18T16:50:31+00:00\",\"description\":\"Enneagram and\u00a0kabbalah, two spiritual paths: Nous vous exprimons\u00a0toute notre satisfaction d'avoir pu assister nous-m\u00eames\u00a0(\u00e9go\u00efstement !)\u00a0mais surtout\",\"breadcrumb\":{\"@id\":\"https:\\\/\\\/www.hamakor.nl\\\/en\\\/references\\\/#breadcrumb\"},\"inLanguage\":\"en-US\",\"potentialAction\":[{\"@type\":\"ReadAction\",\"target\":[\"https:\\\/\\\/www.hamakor.nl\\\/en\\\/references\\\/\"]}]},{\"@type\":\"ImageObject\",\"inLanguage\":\"en-US\",\"@id\":\"https:\\\/\\\/www.hamakor.nl\\\/en\\\/references\\\/#primaryimage\",\"url\":\"https:\\\/\\\/www.hamakor.nl\\\/wp-content\\\/uploads\\\/2015\\\/06\\\/HaMakor_ster.png\",\"contentUrl\":\"https:\\\/\\\/www.hamakor.nl\\\/wp-content\\\/uploads\\\/2015\\\/06\\\/HaMakor_ster.png\"},{\"@type\":\"BreadcrumbList\",\"@id\":\"https:\\\/\\\/www.hamakor.nl\\\/en\\\/references\\\/#breadcrumb\",\"itemListElement\":[{\"@type\":\"ListItem\",\"position\":1,\"name\":\"Home\",\"item\":\"https:\\\/\\\/www.hamakor.nl\\\/en\\\/\"},{\"@type\":\"ListItem\",\"position\":2,\"name\":\"References\"}]},{\"@type\":\"WebSite\",\"@id\":\"https:\\\/\\\/www.hamakor.nl\\\/nl\\\/#website\",\"url\":\"https:\\\/\\\/www.hamakor.nl\\\/nl\\\/\",\"name\":\"HaMaKor\",\"description\":\"Centrum voor Joodse Spiritualiteit\",\"publisher\":{\"@id\":\"https:\\\/\\\/www.hamakor.nl\\\/nl\\\/#organization\"},\"potentialAction\":[{\"@type\":\"SearchAction\",\"target\":{\"@type\":\"EntryPoint\",\"urlTemplate\":\"https:\\\/\\\/www.hamakor.nl\\\/nl\\\/?s={search_term_string}\"},\"query-input\":{\"@type\":\"PropertyValueSpecification\",\"valueRequired\":true,\"valueName\":\"search_term_string\"}}],\"inLanguage\":\"en-US\"},{\"@type\":\"Organization\",\"@id\":\"https:\\\/\\\/www.hamakor.nl\\\/nl\\\/#organization\",\"name\":\"HaMaKor Centrum voor Joodse Spiritualiteit\",\"url\":\"https:\\\/\\\/www.hamakor.nl\\\/nl\\\/\",\"logo\":{\"@type\":\"ImageObject\",\"inLanguage\":\"en-US\",\"@id\":\"https:\\\/\\\/www.hamakor.nl\\\/nl\\\/#\\\/schema\\\/logo\\\/image\\\/\",\"url\":\"https:\\\/\\\/www.hamakor.nl\\\/wp-content\\\/uploads\\\/2015\\\/06\\\/HaMakor_ster.png\",\"contentUrl\":\"https:\\\/\\\/www.hamakor.nl\\\/wp-content\\\/uploads\\\/2015\\\/06\\\/HaMakor_ster.png\",\"width\":217,\"height\":255,\"caption\":\"HaMaKor Centrum voor Joodse Spiritualiteit\"},\"image\":{\"@id\":\"https:\\\/\\\/www.hamakor.nl\\\/nl\\\/#\\\/schema\\\/logo\\\/image\\\/\"}}]}<\/script>\n<!-- \/ Yoast SEO plugin. -->","yoast_head_json":{"title":"References - HaMaKor","description":"Enneagram and\u00a0kabbalah, two spiritual paths: Nous vous exprimons\u00a0toute notre satisfaction d'avoir pu assister nous-m\u00eames\u00a0(\u00e9go\u00efstement !)\u00a0mais surtout","robots":{"index":"index","follow":"follow","max-snippet":"max-snippet:-1","max-image-preview":"max-image-preview:large","max-video-preview":"max-video-preview:-1"},"canonical":"https:\/\/www.hamakor.nl\/en\/references\/","og_locale":"en_US","og_type":"article","og_title":"References - HaMaKor","og_description":"Enneagram and\u00a0kabbalah, two spiritual paths: Nous vous exprimons\u00a0toute notre satisfaction d'avoir pu assister nous-m\u00eames\u00a0(\u00e9go\u00efstement !)\u00a0mais surtout","og_url":"https:\/\/www.hamakor.nl\/en\/references\/","og_site_name":"HaMaKor","og_image":[{"url":"https:\/\/www.hamakor.nl\/wp-content\/uploads\/2015\/06\/HaMakor_ster.png","type":"","width":"","height":""}],"twitter_card":"summary_large_image","twitter_misc":{"Est. reading time":"1 minute"},"schema":{"@context":"https:\/\/schema.org","@graph":[{"@type":"WebPage","@id":"https:\/\/www.hamakor.nl\/en\/references\/","url":"https:\/\/www.hamakor.nl\/en\/references\/","name":"References - HaMaKor","isPartOf":{"@id":"https:\/\/www.hamakor.nl\/nl\/#website"},"primaryImageOfPage":{"@id":"https:\/\/www.hamakor.nl\/en\/references\/#primaryimage"},"image":{"@id":"https:\/\/www.hamakor.nl\/en\/references\/#primaryimage"},"thumbnailUrl":"https:\/\/www.hamakor.nl\/wp-content\/uploads\/2015\/06\/HaMakor_ster.png","datePublished":"2015-09-18T16:50:31+00:00","description":"Enneagram and\u00a0kabbalah, two spiritual paths: Nous vous exprimons\u00a0toute notre satisfaction d'avoir pu assister nous-m\u00eames\u00a0(\u00e9go\u00efstement !)\u00a0mais surtout","breadcrumb":{"@id":"https:\/\/www.hamakor.nl\/en\/references\/#breadcrumb"},"inLanguage":"en-US","potentialAction":[{"@type":"ReadAction","target":["https:\/\/www.hamakor.nl\/en\/references\/"]}]},{"@type":"ImageObject","inLanguage":"en-US","@id":"https:\/\/www.hamakor.nl\/en\/references\/#primaryimage","url":"https:\/\/www.hamakor.nl\/wp-content\/uploads\/2015\/06\/HaMakor_ster.png","contentUrl":"https:\/\/www.hamakor.nl\/wp-content\/uploads\/2015\/06\/HaMakor_ster.png"},{"@type":"BreadcrumbList","@id":"https:\/\/www.hamakor.nl\/en\/references\/#breadcrumb","itemListElement":[{"@type":"ListItem","position":1,"name":"Home","item":"https:\/\/www.hamakor.nl\/en\/"},{"@type":"ListItem","position":2,"name":"References"}]},{"@type":"WebSite","@id":"https:\/\/www.hamakor.nl\/nl\/#website","url":"https:\/\/www.hamakor.nl\/nl\/","name":"HaMaKor","description":"Centrum voor Joodse Spiritualiteit","publisher":{"@id":"https:\/\/www.hamakor.nl\/nl\/#organization"},"potentialAction":[{"@type":"SearchAction","target":{"@type":"EntryPoint","urlTemplate":"https:\/\/www.hamakor.nl\/nl\/?s={search_term_string}"},"query-input":{"@type":"PropertyValueSpecification","valueRequired":true,"valueName":"search_term_string"}}],"inLanguage":"en-US"},{"@type":"Organization","@id":"https:\/\/www.hamakor.nl\/nl\/#organization","name":"HaMaKor Centrum voor Joodse Spiritualiteit","url":"https:\/\/www.hamakor.nl\/nl\/","logo":{"@type":"ImageObject","inLanguage":"en-US","@id":"https:\/\/www.hamakor.nl\/nl\/#\/schema\/logo\/image\/","url":"https:\/\/www.hamakor.nl\/wp-content\/uploads\/2015\/06\/HaMakor_ster.png","contentUrl":"https:\/\/www.hamakor.nl\/wp-content\/uploads\/2015\/06\/HaMakor_ster.png","width":217,"height":255,"caption":"HaMaKor Centrum voor Joodse Spiritualiteit"},"image":{"@id":"https:\/\/www.hamakor.nl\/nl\/#\/schema\/logo\/image\/"}}]}},"_links":{"self":[{"href":"https:\/\/www.hamakor.nl\/en\/wp-json\/wp\/v2\/pages\/2639","targetHints":{"allow":["GET"]}}],"collection":[{"href":"https:\/\/www.hamakor.nl\/en\/wp-json\/wp\/v2\/pages"}],"about":[{"href":"https:\/\/www.hamakor.nl\/en\/wp-json\/wp\/v2\/types\/page"}],"author":[{"embeddable":true,"href":"https:\/\/www.hamakor.nl\/en\/wp-json\/wp\/v2\/users\/3"}],"replies":[{"embeddable":true,"href":"https:\/\/www.hamakor.nl\/en\/wp-json\/wp\/v2\/comments?post=2639"}],"version-history":[{"count":0,"href":"https:\/\/www.hamakor.nl\/en\/wp-json\/wp\/v2\/pages\/2639\/revisions"}],"wp:attachment":[{"href":"https:\/\/www.hamakor.nl\/en\/wp-json\/wp\/v2\/media?parent=2639"}],"curies":[{"name":"wp","href":"https:\/\/api.w.org\/{rel}","templated":true}]}}